{"id":2,"date":"2024-01-13T12:59:13","date_gmt":"2024-01-13T12:59:13","guid":{"rendered":"https:\/\/uetliberg-lauf.ch\/?page_id=2"},"modified":"2024-06-08T09:10:43","modified_gmt":"2024-06-08T09:10:43","slug":"sample-page","status":"publish","type":"page","link":"https:\/\/www.uetliberg-lauf.ch\/?page_id=2","title":{"rendered":"FAQ"},"content":{"rendered":"\n<p>Viele Fragen, einige Antworten.<\/p>\n\n\n\n<blockquote class=\"wp-block-quote is-layout-flow wp-block-quote-is-layout-flow\">\n<p><br>&#8222;Den \u00dcetliberg zu erklimmen, ist nicht nur eine Reise hinauf zu einem spektakul\u00e4ren Ausblick, sondern auch ein Weg zur inneren Ruhe und St\u00e4rke.&#8220;<\/p>\n<cite>chatgpt, januar 2024, auf folgendes prompt: Wieso soll ich den \u00dcetliberg hochlaufen, mache ein Zitat draus. M\u00f6glichst kurz<\/cite><\/blockquote>\n\n\n\n<p><\/p>\n\n\n\n<p><\/p>\n\n\n\n<p><\/p>\n\n\n\n<div style=\"height:173px\" aria-hidden=\"true\" class=\"wp-block-spacer\"><\/div>\n\n\n\n<p><\/p>\n\n\n\n<p><\/p>\n\n\n\n<p><\/p>\n\n\n\n<h2 class=\"wp-block-heading\"><\/h2>\n\n\n\n<p><\/p>\n\n\n\n<div class=\"wp-block-group alignwide is-layout-flow wp-block-group-is-layout-flow\">\n<hr class=\"wp-block-separator has-text-color has-base-color has-alpha-channel-opacity has-base-background-color has-background is-style-wide\"\/>\n\n\n\n<details class=\"wp-block-details is-style-arrow-icon-details has-medium-font-size is-layout-flow wp-block-details-is-layout-flow\" style=\"border-top-style:none;border-top-width:0px;border-right-style:none;border-right-width:0px;border-bottom-color:var(--wp--preset--color--base);border-bottom-style:solid;border-bottom-width:1px;border-left-style:none;border-left-width:0px;margin-top:0\"><summary>Was \u00fcberhaupt? Start &#8211; Ziel ?<\/summary>\n<p class=\"has-contrast-1-color has-text-color has-link-color wp-elements-55c1e091e6fa8d53db8207498ef90604\">An einem Tag wird in der fr\u00fch in der Z\u00fcrich Binz SZU (420 m.\u00fc.M) gestartet und auf den \u00dcetliberg hochgelaufen. Das Ziel w\u00e4re der Fernsehturm (856 m.\u00fc.M.). Runter fahren mit dem \u00dcetlibergb\u00e4hnli an die Z\u00fcrich Binz SZU, dann wieder hochlaufen. Einmal oder ganz viele Male, jeder wie er oder sie kann oder will.<\/p>\n\n\n\n<p><\/p>\n<\/details>\n\n\n\n<details class=\"wp-block-details is-style-arrow-icon-details has-medium-font-size is-layout-flow wp-block-details-is-layout-flow\" style=\"border-top-style:none;border-top-width:0px;border-right-style:none;border-right-width:0px;border-bottom-color:var(--wp--preset--color--base);border-bottom-style:solid;border-bottom-width:1px;border-left-style:none;border-left-width:0px;margin-top:0\"><summary>Wann?<\/summary>\n<p class=\"has-contrast-1-color has-text-color has-link-color wp-elements-7e5abc4b399452019e9bb895818a4184\">Im Sommer 2024, genauer am Samstag, 6. Juli. Der erste Start w\u00e4re jedenfalls um 6 Uhr bei der Binz SZU. Letzte Startm\u00f6glichkeit den Berg hochzulaufen w\u00e4re vor 18 Uhr.<\/p>\n\n\n\n<p><\/p>\n<\/details>\n\n\n\n<details class=\"wp-block-details is-style-arrow-icon-details has-medium-font-size is-layout-flow wp-block-details-is-layout-flow\" style=\"border-top-style:none;border-top-width:0px;border-right-style:none;border-right-width:0px;border-bottom-color:var(--wp--preset--color--base);border-bottom-style:solid;border-bottom-width:1px;border-left-style:none;border-left-width:0px;margin-top:0\"><summary>Ich m\u00f6chte unbedingt teilnehmen, was muss ich tun?<\/summary>\n<p class=\"has-contrast-1-color has-text-color has-link-color wp-elements-9064ea4c22b82bee2e8c80e625ca5972\">Gib mir eine Email oder kontaktier mich direkt pers\u00f6nlich. Email w\u00e4re steiger@rainer.ch<\/p>\n\n\n\n<p><\/p>\n<\/details>\n\n\n\n<details class=\"wp-block-details is-style-arrow-icon-details has-medium-font-size is-layout-flow wp-block-details-is-layout-flow\" style=\"border-top-style:none;border-top-width:0px;border-right-style:none;border-right-width:0px;border-bottom-color:var(--wp--preset--color--base);border-bottom-style:solid;border-bottom-width:1px;border-left-style:none;border-left-width:0px;margin-top:0\"><summary>Siegerehrung und dergleichen<\/summary>\n<p class=\"has-contrast-1-color has-text-color has-link-color wp-elements-f1a1617e379c63089480df099c7859b7\">Ab ca. 19.30 Uhr findet im Garten von Rainer die Siegerehrung statt. Gewinnen werden die meisten Bergerklimmungen sowie das sch\u00f6nste Ten\u00fc. Erhalten w\u00fcrde man Ruhm und Ehre, Freibier, Wein und Mineral den ganzen Abend. Plus gratis Chips!<\/p>\n\n\n\n<p><\/p>\n<\/details>\n\n\n\n<details class=\"wp-block-details is-style-arrow-icon-details has-medium-font-size is-layout-flow wp-block-details-is-layout-flow\" style=\"border-top-style:none;border-top-width:0px;border-right-style:none;border-right-width:0px;border-bottom-color:var(--wp--preset--color--base);border-bottom-style:solid;border-bottom-width:1px;border-left-style:none;border-left-width:0px;margin-top:0\"><summary>Muss man mit dem B\u00e4hnli runterfahren?<\/summary>\n<p class=\"has-contrast-1-color has-text-color has-link-color wp-elements-ee94565720b6a3fafc454e37f68aa1aa\">Selbstverst\u00e4ndlich kann man auch zu Fuss wieder runterlaufen, gem\u00fctlicher und erholsamer ist aber sicher die Bahn.<\/p>\n\n\n\n<p><\/p>\n<\/details>\n\n\n\n<details class=\"wp-block-details is-style-arrow-icon-details has-medium-font-size is-layout-flow wp-block-details-is-layout-flow\" style=\"border-top-style:none;border-top-width:0px;border-right-style:none;border-right-width:0px;border-bottom-color:var(--wp--preset--color--base);border-bottom-style:solid;border-bottom-width:1px;border-left-style:none;border-left-width:0px;margin-top:0\"><summary>Wieviel kostet die Teilnahme?<\/summary>\n<p class=\"has-contrast-1-color has-text-color has-link-color wp-elements-5e6548dccac841ed25505bef722b4a9e\">Die Teilnahmegeb\u00fchr betr\u00e4gt ein Franken (1 SFr.). Daher sollte jede\/r mitmachen k\u00f6nnen, die zu hohe Geb\u00fchr ist keine Ausrede.<\/p>\n\n\n\n<p><\/p>\n<\/details>\n\n\n\n<details class=\"wp-block-details is-style-arrow-icon-details has-medium-font-size is-layout-flow wp-block-details-is-layout-flow\" style=\"border-top-style:none;border-top-width:0px;border-right-style:none;border-right-width:0px;border-bottom-color:var(--wp--preset--color--base);border-bottom-style:solid;border-bottom-width:1px;border-left-style:none;border-left-width:0px;margin-top:0\"><summary>Wer kontrolliert wieviel Mal man den Berg erklimmt?<\/summary>\n<p class=\"has-contrast-1-color has-text-color has-link-color wp-elements-c4248a6bacad39ceb7e295656f6cd069\">Soll jede\/r selber z\u00e4hlen, am Schluss des Tages (ca. ab 19.30 Uhr) wird im Garten von Rainer Bilanz gezogen und der\/die Gewinner bekannt gegeben.<\/p>\n\n\n\n<p><\/p>\n<\/details>\n\n\n\n<details class=\"wp-block-details is-style-arrow-icon-details has-medium-font-size is-layout-flow wp-block-details-is-layout-flow\" style=\"border-top-style:none;border-top-width:0px;border-right-style:none;border-right-width:0px;border-bottom-color:var(--wp--preset--color--base);border-bottom-style:solid;border-bottom-width:1px;border-left-style:none;border-left-width:0px;margin-top:0\"><summary>Verpflegungsposten?<\/summary>\n<p class=\"has-contrast-1-color has-text-color has-link-color wp-elements-25ae074d53c750b8631d05ca7b1ff7cc\">Auf der Strecke wird es keine Verpflegungsposten geben, jede\/r sorgt f\u00fcr sich selbst oder fragt andere. Am Start hat es einen Denner, am Ziel irgendwo einen Wasserbrunnen. <\/p>\n\n\n\n<p><\/p>\n<\/details>\n\n\n\n<details class=\"wp-block-details is-style-arrow-icon-details has-medium-font-size is-layout-flow wp-block-details-is-layout-flow\" style=\"border-top-style:none;border-top-width:0px;border-right-style:none;border-right-width:0px;border-bottom-color:var(--wp--preset--color--base);border-bottom-style:solid;border-bottom-width:1px;border-left-style:none;border-left-width:0px;margin-top:0\"><summary>Welcher Weg hinauf?<\/summary>\n<p class=\"has-contrast-1-color has-text-color has-link-color wp-elements-4c7ef1e52032f3b4eb99d6cef39b1ba9\">Die \u00dcetlibergprofis kennen viele Wege, alle f\u00fchren nach oben. Daher: die Abwechslung der Wege kann zum Ziel f\u00fchren. Es gilt aber, dass f\u00fcr das Erklimmen ausschliesslich auf Schusters Rappen stattfinden soll. Der Start w\u00e4re bei der SZU Binz, das Ziel der Fernsehtum, Uetliberg.<\/p>\n\n\n\n<p class=\"has-contrast-1-color has-text-color has-link-color wp-elements-8a6244d0256af1d148be9c6f8727b5fe\"><\/p>\n\n\n\n<figure class=\"wp-block-image size-large\"><img fetchpriority=\"high\" decoding=\"async\" width=\"1024\" height=\"576\" src=\"https:\/\/www.uetliberg-lauf.ch\/wp-content\/uploads\/2024\/01\/start-ziel-1024x576.png\" alt=\"\" class=\"wp-image-57\" srcset=\"https:\/\/www.uetliberg-lauf.ch\/wp-content\/uploads\/2024\/01\/start-ziel-1024x576.png 1024w, https:\/\/www.uetliberg-lauf.ch\/wp-content\/uploads\/2024\/01\/start-ziel-300x169.png 300w, https:\/\/www.uetliberg-lauf.ch\/wp-content\/uploads\/2024\/01\/start-ziel-768x432.png 768w, https:\/\/www.uetliberg-lauf.ch\/wp-content\/uploads\/2024\/01\/start-ziel-1536x864.png 1536w, https:\/\/www.uetliberg-lauf.ch\/wp-content\/uploads\/2024\/01\/start-ziel-2048x1152.png 2048w\" sizes=\"(max-width: 1024px) 100vw, 1024px\" \/><\/figure>\n\n\n\n<p><\/p>\n<\/details>\n\n\n\n<details class=\"wp-block-details is-style-arrow-icon-details has-medium-font-size is-layout-flow wp-block-details-is-layout-flow\" style=\"border-top-style:none;border-top-width:0px;border-right-style:none;border-right-width:0px;border-bottom-color:var(--wp--preset--color--base);border-bottom-style:solid;border-bottom-width:1px;border-left-style:none;border-left-width:0px;margin-top:0\"><summary>Welcher Weg wieder runter?<\/summary>\n<p class=\"has-contrast-1-color has-text-color has-link-color wp-elements-e95f550ec32bef585fbe8a62ac5128d9\">Per Bahn, zu Fuss oder auch mit dem selbst hochgeschobenen (!) Fahrrad. Erlaubt w\u00e4re also auch das Runterfliegen mit einem Gleitschirm.<\/p>\n\n\n\n<p class=\"has-contrast-1-color has-text-color has-link-color wp-elements-8a6244d0256af1d148be9c6f8727b5fe\"><\/p>\n\n\n\n<p><\/p>\n<\/details>\n\n\n\n<details class=\"wp-block-details is-style-arrow-icon-details has-medium-font-size is-layout-flow wp-block-details-is-layout-flow\" style=\"border-top-style:none;border-top-width:0px;border-right-style:none;border-right-width:0px;border-bottom-color:var(--wp--preset--color--base);border-bottom-style:solid;border-bottom-width:1px;border-left-style:none;border-left-width:0px;margin-top:0\"><summary>Uetlibergbahn<\/summary>\n<p class=\"has-contrast-1-color has-text-color has-link-color wp-elements-ba2567655e3eeb25f3c30c207038ca77\">Falls man sich f\u00fcr die Uetlibergbahn-Variante entscheidet, soll jeder selbstst\u00e4ndig ein Tagesticket oder \u00e4hnliches kaufen.<\/p>\n\n\n\n<p><\/p>\n<\/details>\n\n\n\n<p><\/p>\n\n\n\n<div style=\"margin-top:var(--wp--preset--spacing--10);margin-bottom:0;height:var(--wp--preset--spacing--10)\" aria-hidden=\"true\" class=\"wp-block-spacer\"><\/div>\n<\/div>\n","protected":false},"excerpt":{"rendered":"<p>Viele Fragen, einige Antworten. &#8222;Den \u00dcetliberg zu erklimmen, ist nicht nur eine Reise hinauf zu einem spektakul\u00e4ren Ausblick, sondern auch ein Weg zur inneren Ruhe und St\u00e4rke.&#8220; chatgpt, januar 2024, auf folgendes prompt: Wieso soll ich den \u00dcetliberg hochlaufen, mache ein Zitat draus. M\u00f6glichst kurz<\/p>\n","protected":false},"author":1,"featured_media":0,"parent":0,"menu_order":0,"comment_status":"closed","ping_status":"open","template":"","meta":{"footnotes":""},"tags":[],"class_list":["post-2","page","type-page","status-publish","hentry"],"_links":{"self":[{"href":"https:\/\/www.uetliberg-lauf.ch\/index.php?rest_route=\/wp\/v2\/pages\/2","targetHints":{"allow":["GET"]}}],"collection":[{"href":"https:\/\/www.uetliberg-lauf.ch\/index.php?rest_route=\/wp\/v2\/pages"}],"about":[{"href":"https:\/\/www.uetliberg-lauf.ch\/index.php?rest_route=\/wp\/v2\/types\/page"}],"author":[{"embeddable":true,"href":"https:\/\/www.uetliberg-lauf.ch\/index.php?rest_route=\/wp\/v2\/users\/1"}],"replies":[{"embeddable":true,"href":"https:\/\/www.uetliberg-lauf.ch\/index.php?rest_route=%2Fwp%2Fv2%2Fcomments&post=2"}],"version-history":[{"count":29,"href":"https:\/\/www.uetliberg-lauf.ch\/index.php?rest_route=\/wp\/v2\/pages\/2\/revisions"}],"predecessor-version":[{"id":154,"href":"https:\/\/www.uetliberg-lauf.ch\/index.php?rest_route=\/wp\/v2\/pages\/2\/revisions\/154"}],"wp:attachment":[{"href":"https:\/\/www.uetliberg-lauf.ch\/index.php?rest_route=%2Fwp%2Fv2%2Fmedia&parent=2"}],"wp:term":[{"taxonomy":"post_tag","embeddable":true,"href":"https:\/\/www.uetliberg-lauf.ch\/index.php?rest_route=%2Fwp%2Fv2%2Ftags&post=2"}],"curies":[{"name":"wp","href":"https:\/\/api.w.org\/{rel}","templated":true}]}}